{"id":4110,"date":"2023-09-06T10:33:30","date_gmt":"2023-09-06T10:33:30","guid":{"rendered":"https:\/\/www.pombais.pt\/turismo\/?post_type=product&#038;p=4110"},"modified":"2026-03-04T15:57:06","modified_gmt":"2026-03-04T15:57:06","slug":"desportos-aquaticos-em-marvao-paddle-kayak","status":"publish","type":"product","link":"https:\/\/www.pombais.pt\/turismo\/produto\/desportos-aquaticos-em-marvao-paddle-kayak\/","title":{"rendered":"Paddle &#038; Kayak Marv\u00e3o: Experi\u00eancia \u00danica"},"content":{"rendered":"<h2 data-start=\"287\" data-end=\"367\"><strong data-start=\"290\" data-end=\"367\">Paddle &amp; Kayak Marv\u00e3o \u2013 Experi\u00eancia \u00danica na Natureza<\/strong><\/h2>\n<p data-start=\"369\" data-end=\"874\">Explore a natureza de uma perspetiva \u00fanica e emocionante com as nossas experi\u00eancias de <strong data-start=\"456\" data-end=\"520\"><a class=\"decorated-link cursor-pointer\" rel=\"noopener\" data-start=\"458\" data-end=\"518\">Paddle &amp; Kayak Marv\u00e3o<\/a><\/strong>. <strong data-start=\"522\" data-end=\"547\">Mesmo sem experi\u00eancia<\/strong>, os nossos passeios s\u00e3o pensados para proporcionar aventuras memor\u00e1veis em meio \u00e0 beleza natural do <strong data-start=\"648\" data-end=\"762\"><a class=\"decorated-link cursor-pointer\" target=\"_new\" rel=\"noopener\" data-start=\"650\" data-end=\"760\">Parque Natural da Serra de S\u00e3o Mamede<\/a><\/strong>. <strong data-start=\"764\" data-end=\"778\">Al\u00e9m disso<\/strong>, cada passeio combina desporto, cultura e gastronomia local, garantindo momentos inesquec\u00edveis.<\/p>\n<hr data-start=\"876\" data-end=\"879\" \/>\n<h3 data-start=\"881\" data-end=\"905\">Principais Vantagens<\/h3>\n<p data-start=\"907\" data-end=\"1281\"><strong data-start=\"907\" data-end=\"948\">Vista Incr\u00edvel Sobre o Parque Natural<\/strong><br data-start=\"948\" data-end=\"951\" \/>Desfrute de vistas panor\u00e2micas espetaculares enquanto navega pelas \u00e1guas tranquilas da <strong data-start=\"1038\" data-end=\"1103\"><a class=\"decorated-link cursor-pointer\" rel=\"noopener\" data-start=\"1040\" data-end=\"1101\">Barragem da Apartadura<\/a><\/strong>. <strong data-start=\"1105\" data-end=\"1126\">Durante o passeio<\/strong>, poder\u00e1 admirar a flora e fauna t\u00edpicas da regi\u00e3o, como aves e esp\u00e9cies end\u00e9micas, bem como os contornos \u00fanicos da serra, que tornam cada instante m\u00e1gico.<\/p>\n<p data-start=\"1283\" data-end=\"1665\"><strong data-start=\"1283\" data-end=\"1308\">Ideal para Iniciantes<\/strong><br data-start=\"1308\" data-end=\"1311\" \/>N\u00e3o \u00e9 necess\u00e1rio ser especialista em kayak ou paddle para participar. <strong data-start=\"1381\" data-end=\"1391\">Tamb\u00e9m<\/strong>, os nossos passeios incluem orienta\u00e7\u00e3o e instru\u00e7\u00e3o detalhada, garantindo que todos possam aproveitar ao m\u00e1ximo, independentemente da experi\u00eancia anterior. Assim, consulte o nosso <strong data-start=\"1564\" data-end=\"1642\"><a class=\"decorated-link cursor-pointer\" rel=\"noopener\" data-start=\"1566\" data-end=\"1640\">guia de seguran\u00e7a Paddle &amp; Kayak<\/a><\/strong> para mais informa\u00e7\u00f5es.<\/p>\n<p data-start=\"1667\" data-end=\"2188\"><strong data-start=\"1667\" data-end=\"1694\">Passeio Guiado e Seguro<\/strong><br data-start=\"1694\" data-end=\"1697\" \/>Os guias que vivem na nossa regi\u00e3o conduzem-no ao longo do passeio.\u00a0\u00a0<strong data-start=\"1774\" data-end=\"1788\">Al\u00e9m disso<\/strong>, a seguran\u00e7a \u00e9 sempre a prioridade: fornecemos coletes salva-vidas e capacetes, garantindo uma experi\u00eancia tranquila e segura. <strong data-start=\"1916\" data-end=\"1937\">Durante o trajeto<\/strong>, os guias partilham hist\u00f3rias, tradi\u00e7\u00f5es e curiosidades locais, tornando o passeio educativo e divertido. Assim, para saber mais sobre os cuidados de seguran\u00e7a no kayak, veja este artigo da <strong data-start=\"2121\" data-end=\"2187\"><a class=\"decorated-link\" href=\"https:\/\/www.fpcanoagem.pt\/\" target=\"_new\" rel=\"noopener\" data-start=\"2123\" data-end=\"2185\">Federa\u00e7\u00e3o Portuguesa de Canoagem<\/a><\/strong>.<\/p>\n<p data-start=\"2190\" data-end=\"2638\"><strong data-start=\"2190\" data-end=\"2214\">Refor\u00e7o Gastron\u00f3mico<\/strong><br data-start=\"2214\" data-end=\"2217\" \/>Para completar a experi\u00eancia, oferecemos um <strong data-start=\"2261\" data-end=\"2316\">refor\u00e7o gastron\u00f3mico com produtos t\u00edpicos de Marv\u00e3o<\/strong>. Assim, poder\u00e1 provar os sabores da regi\u00e3o enquanto descansa e admira a paisagem. <strong data-start=\"2399\" data-end=\"2414\">Dessa forma<\/strong>, a aventura combina movimento, natureza e cultura local num \u00fanico passeio. Logo, poder\u00e1 descobrir mais sobre a gastronomia de Marv\u00e3o no <strong data-start=\"2537\" data-end=\"2637\"><a class=\"decorated-link cursor-pointer\" target=\"_new\" rel=\"noopener\" data-start=\"2539\" data-end=\"2635\">site oficial do Turismo do Alentejo<\/a><\/strong>.<\/p>\n<p data-start=\"2640\" data-end=\"2987\"><strong data-start=\"2640\" data-end=\"2664\">Percursos Adapt\u00e1veis<\/strong><br data-start=\"2664\" data-end=\"2667\" \/>Os percursos podem ser adaptados ao ritmo e prefer\u00eancias do grupo. <strong data-start=\"2734\" data-end=\"2746\">Por isso<\/strong>, \u00e9 poss\u00edvel optar por momentos de maior aventura, explora\u00e7\u00e3o da natureza ou simplesmente relaxar nas \u00e1guas calmas da barragem. Saiba mais sobre os nossos outros <strong data-start=\"2908\" data-end=\"2986\"><a class=\"decorated-link cursor-pointer\" rel=\"noopener\" data-start=\"2910\" data-end=\"2984\">passeios de aventura em Marv\u00e3o<\/a><\/strong>.<\/p>\n<hr data-start=\"2989\" data-end=\"2992\" \/>\n<h3 data-start=\"2994\" data-end=\"3033\">Por Que Fazer Paddle &amp; Kayak Marv\u00e3o<\/h3>\n<p data-start=\"3035\" data-end=\"3549\"><strong data-start=\"3035\" data-end=\"3047\">Portanto<\/strong>, esta experi\u00eancia \u00e9 ideal para fam\u00edlias, grupos de amigos ou casais que querem descobrir a Serra de S\u00e3o Mamede de uma forma diferente. <strong data-start=\"3183\" data-end=\"3197\">Al\u00e9m disso<\/strong>, \u00e9 uma excelente oportunidade para fotografias incr\u00edveis, contacto direto com a natureza e aprendizagem sobre a hist\u00f3ria e biodiversidade da regi\u00e3o. Para informa\u00e7\u00f5es adicionais sobre a fauna e flora locais, consulte o <strong data-start=\"3416\" data-end=\"3546\"><a class=\"decorated-link cursor-pointer\" target=\"_new\" rel=\"noopener\" data-start=\"3418\" data-end=\"3544\">site oficial do Parque Natural da Serra de S\u00e3o Mamede<\/a><\/strong>.<\/p>\n<p data-start=\"3551\" data-end=\"3738\"><strong data-start=\"3551\" data-end=\"3560\">Assim<\/strong>, cada passeio de <strong data-start=\"3578\" data-end=\"3642\"><a class=\"decorated-link cursor-pointer\" rel=\"noopener\" data-start=\"3580\" data-end=\"3640\">Paddle &amp; Kayak Marv\u00e3o<\/a><\/strong> combina aventura, cultura, gastronomia e relaxamento, criando mem\u00f3rias que ficar\u00e3o para sempre.<\/p>\n<hr data-start=\"3740\" data-end=\"3743\" \/>\n<h3 data-start=\"3745\" data-end=\"3759\">Reserve J\u00e1<\/h3>\n<p data-start=\"3761\" data-end=\"4174\">\ud83d\udc49 <strong data-start=\"3764\" data-end=\"3848\"><a class=\"decorated-link cursor-pointer\" rel=\"noopener\" data-start=\"3766\" data-end=\"3846\">Reserve agora o seu Paddle &amp; Kayak Marv\u00e3o<\/a><\/strong> e prepare-se para uma aventura inesquec\u00edvel. Explore o <strong data-start=\"3904\" data-end=\"4015\"><a class=\"decorated-link cursor-pointer\" target=\"_new\" rel=\"noopener\" data-start=\"3906\" data-end=\"4013\">Parque Natural Serra de S\u00e3o Mamede<\/a><\/strong>, admire as vistas, aprenda com guias locais e desfrute de sabores t\u00edpicos de Marv\u00e3o. <strong data-start=\"4101\" data-end=\"4115\">Al\u00e9m disso<\/strong>, crie mem\u00f3rias \u00fanicas com seguran\u00e7a e divers\u00e3o garantidas.<\/p>\n<p><img loading=\"lazy\" decoding=\"async\" data-attachment-id=\"5084\" data-permalink=\"https:\/\/www.pombais.pt\/turismo\/tour\/bicicletas\/imagem-whatsapp-2025-07-08-as-10-50-19_2d24d932\/\" data-orig-file=\"https:\/\/www.pombais.pt\/turismo\/wp-content\/uploads\/2017\/05\/Imagem-WhatsApp-2025-07-08-as-10.50.19_2d24d932.jpg\" data-orig-size=\"1600,1600\" data-comments-opened=\"1\" data-image-meta=\"{&quot;aperture&quot;:&quot;0&quot;,&quot;credit&quot;:&quot;&quot;,&quot;camera&quot;:&quot;&quot;,&quot;caption&quot;:&quot;&quot;,&quot;created_timestamp&quot;:&quot;0&quot;,&quot;copyright&quot;:&quot;&quot;,&quot;focal_length&quot;:&quot;0&quot;,&quot;iso&quot;:&quot;0&quot;,&quot;shutter_speed&quot;:&quot;0&quot;,&quot;title&quot;:&quot;&quot;,&quot;orientation&quot;:&quot;0&quot;}\" data-image-title=\"Imagem WhatsApp 2025-07-08 \u00e0s 10.50.19_2d24d932\" data-image-description=\"\" data-image-caption=\"\" data-medium-file=\"https:\/\/www.pombais.pt\/turismo\/wp-content\/uploads\/2017\/05\/Imagem-WhatsApp-2025-07-08-as-10.50.19_2d24d932-300x300.jpg\" data-large-file=\"https:\/\/www.pombais.pt\/turismo\/wp-content\/uploads\/2017\/05\/Imagem-WhatsApp-2025-07-08-as-10.50.19_2d24d932-1024x1024.jpg\" class=\"alignnone wp-image-5084 size-medium\" src=\"https:\/\/www.pombais.pt\/turismo\/wp-content\/uploads\/2017\/05\/Imagem-WhatsApp-2025-07-08-as-10.50.19_2d24d932-300x300.jpg\" alt=\"Desportos aqu\u00e1ticos em fam\u00edlia\" width=\"300\" height=\"300\" srcset=\"https:\/\/www.pombais.pt\/turismo\/wp-content\/uploads\/2017\/05\/Imagem-WhatsApp-2025-07-08-as-10.50.19_2d24d932-300x300.jpg 300w, https:\/\/www.pombais.pt\/turismo\/wp-content\/uploads\/2017\/05\/Imagem-WhatsApp-2025-07-08-as-10.50.19_2d24d932-1024x1024.jpg 1024w, https:\/\/www.pombais.pt\/turismo\/wp-content\/uploads\/2017\/05\/Imagem-WhatsApp-2025-07-08-as-10.50.19_2d24d932-150x150.jpg 150w, https:\/\/www.pombais.pt\/turismo\/wp-content\/uploads\/2017\/05\/Imagem-WhatsApp-2025-07-08-as-10.50.19_2d24d932-768x768.jpg 768w, https:\/\/www.pombais.pt\/turismo\/wp-content\/uploads\/2017\/05\/Imagem-WhatsApp-2025-07-08-as-10.50.19_2d24d932-1536x1536.jpg 1536w, https:\/\/www.pombais.pt\/turismo\/wp-content\/uploads\/2017\/05\/Imagem-WhatsApp-2025-07-08-as-10.50.19_2d24d932-40x40.jpg 40w, https:\/\/www.pombais.pt\/turismo\/wp-content\/uploads\/2017\/05\/Imagem-WhatsApp-2025-07-08-as-10.50.19_2d24d932-80x80.jpg 80w, https:\/\/www.pombais.pt\/turismo\/wp-content\/uploads\/2017\/05\/Imagem-WhatsApp-2025-07-08-as-10.50.19_2d24d932-394x394.jpg 394w, https:\/\/www.pombais.pt\/turismo\/wp-content\/uploads\/2017\/05\/Imagem-WhatsApp-2025-07-08-as-10.50.19_2d24d932-303x303.jpg 303w, https:\/\/www.pombais.pt\/turismo\/wp-content\/uploads\/2017\/05\/Imagem-WhatsApp-2025-07-08-as-10.50.19_2d24d932-605x605.jpg 605w, https:\/\/www.pombais.pt\/turismo\/wp-content\/uploads\/2017\/05\/Imagem-WhatsApp-2025-07-08-as-10.50.19_2d24d932-700x700.jpg 700w, https:\/\/www.pombais.pt\/turismo\/wp-content\/uploads\/2017\/05\/Imagem-WhatsApp-2025-07-08-as-10.50.19_2d24d932-950x950.jpg 950w, https:\/\/www.pombais.pt\/turismo\/wp-content\/uploads\/2017\/05\/Imagem-WhatsApp-2025-07-08-as-10.50.19_2d24d932-1080x1080.jpg 1080w, https:\/\/www.pombais.pt\/turismo\/wp-content\/uploads\/2017\/05\/Imagem-WhatsApp-2025-07-08-as-10.50.19_2d24d932-600x600.jpg 600w, https:\/\/www.pombais.pt\/turismo\/wp-content\/uploads\/2017\/05\/Imagem-WhatsApp-2025-07-08-as-10.50.19_2d24d932-100x100.jpg 100w, https:\/\/www.pombais.pt\/turismo\/wp-content\/uploads\/2017\/05\/Imagem-WhatsApp-2025-07-08-as-10.50.19_2d24d932.jpg 1600w\" sizes=\"auto, (max-width: 300px) 100vw, 300px\" \/><\/p>\n","protected":false},"excerpt":{"rendered":"<p>Paddle &amp; Kayak Marv\u00e3o \u2013 Experi\u00eancia \u00danica na Natureza Explore a natureza de uma perspetiva \u00fanica e emocionante com as nossas experi\u00eancias de Paddle &amp; Kayak Marv\u00e3o. Mesmo sem experi\u00eancia, os nossos passeios s\u00e3o pensados para proporcionar aventuras memor\u00e1veis em &hellip; <a href=\"https:\/\/www.pombais.pt\/turismo\/produto\/desportos-aquaticos-em-marvao-paddle-kayak\/\">Read More<\/a><\/p>\n","protected":false},"featured_media":0,"comment_status":"open","ping_status":"closed","template":"","meta":{"om_disable_all_campaigns":false},"product_brand":[],"product_cat":[45,68],"product_tag":[],"class_list":{"0":"post-4110","1":"product","2":"type-product","3":"status-publish","5":"product_cat-kayak","6":"product_cat-paddle","8":"first","9":"instock","10":"taxable","11":"shipping-taxable","12":"purchasable","13":"product-type-variable"},"aioseo_notices":[],"jetpack_sharing_enabled":true,"_links":{"self":[{"href":"https:\/\/www.pombais.pt\/turismo\/wp-json\/wp\/v2\/product\/4110","targetHints":{"allow":["GET"]}}],"collection":[{"href":"https:\/\/www.pombais.pt\/turismo\/wp-json\/wp\/v2\/product"}],"about":[{"href":"https:\/\/www.pombais.pt\/turismo\/wp-json\/wp\/v2\/types\/product"}],"replies":[{"embeddable":true,"href":"https:\/\/www.pombais.pt\/turismo\/wp-json\/wp\/v2\/comments?post=4110"}],"version-history":[{"count":3,"href":"https:\/\/www.pombais.pt\/turismo\/wp-json\/wp\/v2\/product\/4110\/revisions"}],"predecessor-version":[{"id":5299,"href":"https:\/\/www.pombais.pt\/turismo\/wp-json\/wp\/v2\/product\/4110\/revisions\/5299"}],"wp:attachment":[{"href":"https:\/\/www.pombais.pt\/turismo\/wp-json\/wp\/v2\/media?parent=4110"}],"wp:term":[{"taxonomy":"product_brand","embeddable":true,"href":"https:\/\/www.pombais.pt\/turismo\/wp-json\/wp\/v2\/product_brand?post=4110"},{"taxonomy":"product_cat","embeddable":true,"href":"https:\/\/www.pombais.pt\/turismo\/wp-json\/wp\/v2\/product_cat?post=4110"},{"taxonomy":"product_tag","embeddable":true,"href":"https:\/\/www.pombais.pt\/turismo\/wp-json\/wp\/v2\/product_tag?post=4110"}],"curies":[{"name":"wp","href":"https:\/\/api.w.org\/{rel}","templated":true}]}}