{"id":3,"date":"2022-01-04T15:06:48","date_gmt":"2022-01-04T15:06:48","guid":{"rendered":"https:\/\/pombais.pt\/turismo\/?page_id=3"},"modified":"2022-07-29T13:43:49","modified_gmt":"2022-07-29T13:43:49","slug":"privacidadeseguranca","status":"publish","type":"page","link":"https:\/\/www.pombais.pt\/turismo\/privacidadeseguranca\/","title":{"rendered":"Privacidade &#038; Seguran\u00e7a"},"content":{"rendered":"\t\t<div data-elementor-type=\"wp-page\" data-elementor-id=\"3\" class=\"elementor elementor-3\">\n\t\t\t\t\t\t<div class=\"elementor-inner\">\n\t\t\t\t<div class=\"elementor-section-wrap\">\n\t\t\t\t\t\t\t\t\t<section class=\"elementor-section elementor-top-section elementor-element elementor-element-13122332 elementor-section-boxed elementor-section-height-default elementor-section-height-default\" data-id=\"13122332\" data-element_type=\"section\">\n\t\t\t\t\t\t<div class=\"elementor-container elementor-column-gap-default\">\n\t\t\t\t\t\t\t<div class=\"elementor-row\">\n\t\t\t\t\t<div class=\"elementor-column elementor-col-100 elementor-top-column elementor-element elementor-element-1b502733\" data-id=\"1b502733\" data-element_type=\"column\">\n\t\t\t<div class=\"elementor-column-wrap elementor-element-populated\">\n\t\t\t\t\t\t\t<div class=\"elementor-widget-wrap\">\n\t\t\t\t\t\t<div class=\"elementor-element elementor-element-20e77af elementor-widget elementor-widget-spacer\" data-id=\"20e77af\" data-element_type=\"widget\" data-widget_type=\"spacer.default\">\n\t\t\t\t<div class=\"elementor-widget-container\">\n\t\t\t\t\t<div class=\"elementor-spacer\">\n\t\t\t<div class=\"elementor-spacer-inner\"><\/div>\n\t\t<\/div>\n\t\t\t\t<\/div>\n\t\t\t\t<\/div>\n\t\t\t\t<div class=\"elementor-element elementor-element-6dc43082 elementor-widget elementor-widget-text-editor\" data-id=\"6dc43082\" data-element_type=\"widget\" data-widget_type=\"text-editor.default\">\n\t\t\t\t<div class=\"elementor-widget-container\">\n\t\t\t\t\t\t\t\t<div class=\"elementor-text-editor elementor-clearfix\">\n\t\t\t\t<!-- wp:heading -->\n<h2>POL\u00cdTICA DE PROTEC\u00c7\u00c3O DE DADOS PESSOAIS<\/h2>\n<p>Identifica\u00e7\u00e3o e detalhes do respons\u00e1vel: <strong>Pombais, Produtos e Servi\u00e7os em Meio Rural, Lda<\/strong>, <strong>com sede no Ninho de Empresas de Marv\u00e3o, Gabinete 3,<\/strong> <strong>NIF 503639877 e com Licen\u00e7a de Alojamento Tur\u00edstico AL\/1345 e registo de RNAT 27\/2022.\u00a0<\/strong><\/p>\n<p>Na <strong>Pombais Turismo<\/strong>, temos uma importante responsabilidade e compromisso no que respeita \u00e0 seguran\u00e7a do nosso site e \u00e0 prote\u00e7\u00e3o dos dados dos nossos clientes e visitantes. Qualquer altera\u00e7\u00e3o a esta pol\u00edtica ser\u00e1 disponibilizada aqui, nesta declara\u00e7\u00e3o.<\/p>\n<h3>QUE INFORMA\u00c7\u00c3O RECOLHEMOS?<\/h3>\n<p><b><strong>Quando se inscreve na nossa newsletter,<\/strong><\/b>\u00a0recolhemos o endere\u00e7o de email, que \u00e9 guardado numa base de dados para que possa receber uma newsletter mensal ou semanal que cont\u00e9m: novidades sobre a <b>Pombais Turismo\u00a0<\/b>e poss\u00edveis promo\u00e7\u00f5es ou campanhas de parceiros. Poder\u00e1 tamb\u00e9m, pontualmente, ser notificado sobre altera\u00e7\u00f5es dos nossos termos e condi\u00e7\u00f5es, pol\u00edtica de privacidade ou informa\u00e7\u00f5es pertinentes \u00e0 utiliza\u00e7\u00e3o do nosso site. Todos os dados recolhidos, s\u00e3o armazenados num servidor em territ\u00f3rio nacional, cuja base de dados est\u00e1 sob controlo da <strong>Pombais Turismo<\/strong>.<\/p>\n<p><b><strong>Quando preenche o nosso formul\u00e1rio de contacto<\/strong><\/b>, recolhemos o nome, endere\u00e7o de email e a informa\u00e7\u00e3o da mensagem, que n\u00e3o fica armazenada em nenhum tipo de base de dados, processando-se apenas como um email normal.<\/p>\n<p><b><strong>Quando se inscreve numa das nossas\u00a0<\/strong><\/b><b>atividades<\/b>, ser\u00e1 sujeito ao preenchimento de um formul\u00e1rio de reserva e termos e condi\u00e7\u00f5es para registarmos o seu pedido de realiza\u00e7\u00e3o da atividade e os dados fornecidos ir\u00e3o servir para:<\/p>\n<ul>\n<li>Ativa\u00e7\u00e3o dos seguros obrigat\u00f3rios (acidentes pessoais e responsabilidade civil);<\/li>\n<li>Contacto direto em situa\u00e7\u00f5es de confirma\u00e7\u00e3o de reservas e cancelamento de eventos;<\/li>\n<li>Contacto telef\u00f3nico urgente no decorrer das atividades;<\/li>\n<li>Emiss\u00e3o de fatura \/ recibo eletr\u00f3nico.<\/li>\n<\/ul>\n<p>Podemos tamb\u00e9m recolher outras informa\u00e7\u00f5es sobre a experi\u00eancia do utilizador no nosso site que contribuem para a melhoria do nosso servi\u00e7o.<\/p>\n<h3>O QUE S\u00c3O AS COOKIES E PARA QUE S\u00c3O UTILIZADAS?<\/h3>\n<p>Uma cookie \u00e9 um pequeno ficheiro enviado para o computador do cliente que fica guardado no seu disco. As cookies s\u00e3o tamb\u00e9m utilizadas para que o nosso sistema consiga seguir os passos do utilizador na navega\u00e7\u00e3o do nosso site. Se o utilizador n\u00e3o aceitar a utiliza\u00e7\u00e3o de cookies, n\u00e3o conseguir\u00e1 utilizar este site.<\/p>\n<h3>DESCRI\u00c7\u00c3O DAS COOKIES<\/h3>\n<p>Cookies Site<br \/><b><strong>wire<\/strong><\/b>: Cookie indispens\u00e1vel para o site. Guarda e identifica a sess\u00e3o do utilizador.<\/p>\n<p><b><strong>Cookies Google Analytics<\/strong><\/b><br \/><b><strong>_ga<\/strong><\/b>: Utilizada para distinguir os utilizadores.<br \/><b><strong>_gid<\/strong><\/b>: Utilizada para distinguir os utilizadores.<\/p>\n<h3>SEGURAN\u00c7A<\/h3>\n<p><b><strong>Pombais Turismo<\/strong><\/b>\u00a0compromete-se a proteger os dados do cliente e estes nunca ser\u00e3o disponibilizados a terceiros.<\/p>\n<p>A <strong>Pombais Turismo<\/strong>\u00a0utiliza um certificado de servidor, tamb\u00e9m conhecido por certificado digital, que assegura a nossa identidade, assim como uma encripta\u00e7\u00e3o SSL (Secure Sockets Layer &#8211; Protocolo de Camada de Sockets Segura) dos dados transmitidos, para garantir a seguran\u00e7a dos dados inseridos pelos utilizadores, no site.<\/p>\n<h3><b><strong>INFORMA\u00c7\u00c3O E ALTERA\u00c7\u00c3O DE DADOS<\/strong><\/b><\/h3>\n<p>Se o utilizador n\u00e3o desejar receber a nossa newsletter ou contactado para outros efeitos, poder\u00e1 cancelar a subscri\u00e7\u00e3o no link de cancelamento que est\u00e1 sempre presente no final dos emails.<\/p>\n<p>Poder\u00e1 tamb\u00e9m requerer a altera\u00e7\u00e3o ou elimina\u00e7\u00e3o dos seus dados armazenados na <b>Pombais Turismo<\/b>\u00a0contactando-nos atrav\u00e9s de:<\/p>\n<p><strong>experience@pombais.pt\/turismo@pombais.pt<\/strong><\/p>\n<p><strong>(+351) 965 255 275<\/strong><\/p>\n<!-- \/wp:paragraph -->\t\t\t\t\t<\/div>\n\t\t\t\t\t\t<\/div>\n\t\t\t\t<\/div>\n\t\t\t\t\t\t<\/div>\n\t\t\t\t\t<\/div>\n\t\t<\/div>\n\t\t\t\t\t\t\t\t<\/div>\n\t\t\t\t\t<\/div>\n\t\t<\/section>\n\t\t\t\t\t\t\t\t\t<\/div>\n\t\t\t<\/div>\n\t\t\t\t\t<\/div>\n\t\t","protected":false},"excerpt":{"rendered":"<p>POL\u00cdTICA DE PROTEC\u00c7\u00c3O DE DADOS PESSOAIS Identifica\u00e7\u00e3o e detalhes do respons\u00e1vel: Pombais, Produtos e Servi\u00e7os em Meio Rural, Lda, com sede no Ninho de Empresas de Marv\u00e3o, Gabinete 3, NIF 503639877 e com Licen\u00e7a de Alojamento Tur\u00edstico AL\/1345 e registo &hellip; <a href=\"https:\/\/www.pombais.pt\/turismo\/privacidadeseguranca\/\">Read More<\/a><\/p>\n","protected":false},"author":1,"featured_media":0,"parent":0,"menu_order":5,"comment_status":"closed","ping_status":"open","template":"","meta":{"om_disable_all_campaigns":false,"footnotes":""},"class_list":["post-3","page","type-page","status-publish","hentry"],"aioseo_notices":[],"jetpack_sharing_enabled":true,"_links":{"self":[{"href":"https:\/\/www.pombais.pt\/turismo\/wp-json\/wp\/v2\/pages\/3","targetHints":{"allow":["GET"]}}],"collection":[{"href":"https:\/\/www.pombais.pt\/turismo\/wp-json\/wp\/v2\/pages"}],"about":[{"href":"https:\/\/www.pombais.pt\/turismo\/wp-json\/wp\/v2\/types\/page"}],"author":[{"embeddable":true,"href":"https:\/\/www.pombais.pt\/turismo\/wp-json\/wp\/v2\/users\/1"}],"replies":[{"embeddable":true,"href":"https:\/\/www.pombais.pt\/turismo\/wp-json\/wp\/v2\/comments?post=3"}],"version-history":[{"count":17,"href":"https:\/\/www.pombais.pt\/turismo\/wp-json\/wp\/v2\/pages\/3\/revisions"}],"predecessor-version":[{"id":2708,"href":"https:\/\/www.pombais.pt\/turismo\/wp-json\/wp\/v2\/pages\/3\/revisions\/2708"}],"wp:attachment":[{"href":"https:\/\/www.pombais.pt\/turismo\/wp-json\/wp\/v2\/media?parent=3"}],"curies":[{"name":"wp","href":"https:\/\/api.w.org\/{rel}","templated":true}]}}