{"id":242,"date":"2022-01-20T22:40:11","date_gmt":"2022-01-20T22:40:11","guid":{"rendered":"https:\/\/pombais.pt\/turismo\/?page_id=242"},"modified":"2023-02-10T00:18:59","modified_gmt":"2023-02-10T00:18:59","slug":"villas","status":"publish","type":"page","link":"https:\/\/www.pombais.pt\/turismo\/villas\/","title":{"rendered":"Villas"},"content":{"rendered":"\t\t<div data-elementor-type=\"wp-page\" data-elementor-id=\"242\" class=\"elementor elementor-242\">\n\t\t\t\t\t\t<div class=\"elementor-inner\">\n\t\t\t\t<div class=\"elementor-section-wrap\">\n\t\t\t\t\t\t\t\t\t<section class=\"elementor-section elementor-top-section elementor-element elementor-element-459f96a elementor-section-full_width elementor-section-height-min-height elementor-section-height-default elementor-section-items-middle\" data-id=\"459f96a\" data-element_type=\"section\" data-settings=\"{&quot;background_background&quot;:&quot;video&quot;,&quot;background_video_link&quot;:&quot;https:\\\/\\\/pombais.pt\\\/turismo\\\/wp-content\\\/uploads\\\/2022\\\/08\\\/Villas.mp4&quot;,&quot;background_video_start&quot;:0,&quot;background_video_end&quot;:0,&quot;background_play_on_mobile&quot;:&quot;yes&quot;}\">\n\t\t\t\t\t\t\t\t<div class=\"elementor-background-video-container\">\n\t\t\t\t\t\t\t\t\t\t\t\t\t<video class=\"elementor-background-video-hosted elementor-html5-video\" autoplay muted playsinline loop><\/video>\n\t\t\t\t\t\t\t\t\t\t\t<\/div>\n\t\t\t\t\t\t\t\t\t<div class=\"elementor-background-overlay\"><\/div>\n\t\t\t\t\t\t\t<div class=\"elementor-container elementor-column-gap-default\">\n\t\t\t\t\t\t\t<div class=\"elementor-row\">\n\t\t\t\t\t<div class=\"elementor-column elementor-col-100 elementor-top-column elementor-element elementor-element-e2d0c7e\" data-id=\"e2d0c7e\" data-element_type=\"column\">\n\t\t\t<div class=\"elementor-column-wrap\">\n\t\t\t\t\t\t\t<div class=\"elementor-widget-wrap\">\n\t\t\t\t\t\t\t\t<\/div>\n\t\t\t\t\t<\/div>\n\t\t<\/div>\n\t\t\t\t\t\t\t\t<\/div>\n\t\t\t\t\t<\/div>\n\t\t<\/section>\n\t\t\t\t<section class=\"elementor-section elementor-top-section elementor-element elementor-element-d19b843 elementor-section-boxed elementor-section-height-default elementor-section-height-default\" data-id=\"d19b843\" data-element_type=\"section\">\n\t\t\t\t\t\t<div class=\"elementor-container elementor-column-gap-default\">\n\t\t\t\t\t\t\t<div class=\"elementor-row\">\n\t\t\t\t\t<div class=\"elementor-column elementor-col-100 elementor-top-column elementor-element elementor-element-04207b0\" data-id=\"04207b0\" data-element_type=\"column\">\n\t\t\t<div class=\"elementor-column-wrap elementor-element-populated\">\n\t\t\t\t\t\t\t<div class=\"elementor-widget-wrap\">\n\t\t\t\t\t\t<div class=\"elementor-element elementor-element-4f20847 elementor-widget elementor-widget-spacer\" data-id=\"4f20847\" data-element_type=\"widget\" data-widget_type=\"spacer.default\">\n\t\t\t\t<div class=\"elementor-widget-container\">\n\t\t\t\t\t<div class=\"elementor-spacer\">\n\t\t\t<div class=\"elementor-spacer-inner\"><\/div>\n\t\t<\/div>\n\t\t\t\t<\/div>\n\t\t\t\t<\/div>\n\t\t\t\t<div class=\"elementor-element elementor-element-f003f3a elementor-view-default elementor-position-top elementor-widget elementor-widget-themo-header\" data-id=\"f003f3a\" data-element_type=\"widget\" data-widget_type=\"themo-header.default\">\n\t\t\t\t<div class=\"elementor-widget-container\">\n\t\t\t\t\t<div class=\"th-header-wrap\">\n        <div class=\"elementor-icon-box-wrapper \">\n                            <div class=\"elementor-icon-box-content\">\n                    <h2 class=\"elementor-icon-box-title\">\n                        Descubra um Alentejo diferente                    <\/h2>\n                                        <p class=\"elementor-icon-box-description\">Descubra as nossas Villas que conjugam o conforto e a contemporaneidade com a beleza envolvente do Alentejo. \n<\/p>\n\n                                    <\/div>\n            <\/div>\n\n        <\/div>\n\n\t\t\t\t<\/div>\n\t\t\t\t<\/div>\n\t\t\t\t<section class=\"elementor-section elementor-inner-section elementor-element elementor-element-a667de9 elementor-section-boxed elementor-section-height-default elementor-section-height-default\" data-id=\"a667de9\" data-element_type=\"section\">\n\t\t\t\t\t\t<div class=\"elementor-container elementor-column-gap-default\">\n\t\t\t\t\t\t\t<div class=\"elementor-row\">\n\t\t\t\t\t<div class=\"elementor-column elementor-col-50 elementor-inner-column elementor-element elementor-element-0323c0e\" data-id=\"0323c0e\" data-element_type=\"column\">\n\t\t\t<div class=\"elementor-column-wrap elementor-element-populated\">\n\t\t\t\t\t\t\t<div class=\"elementor-widget-wrap\">\n\t\t\t\t\t\t<div class=\"elementor-element elementor-element-bc5fa56 elementor-widget elementor-widget-themo-package\" data-id=\"bc5fa56\" data-element_type=\"widget\" data-widget_type=\"themo-package.default\">\n\t\t\t\t<div class=\"elementor-widget-container\">\n\t\t\t\n\t\t<article class=\"th-package\">\n\n\t\t\t\t\t\t\t<a class=\"th-pkg-click\" href=\"https:\/\/pombais.pt\/turismo\/casa-do-brasao\/\"><\/a>\n\t\t\t\n\t\t\t<div class=\"th-pkg-info\">\n\t\t\t\t\t\t\t\t\t<h4>Reserve j\u00e1!<\/h4>\n\t\t\t\t\t\t\t\t\t\t\t<\/div>\n\n                        <div class=\"th-pkg-img\">\n                <img loading=\"lazy\" decoding=\"async\" width=\"915\" height=\"610\" src=\"https:\/\/www.pombais.pt\/turismo\/wp-content\/uploads\/2022\/07\/pombais_480-915x610.jpg\" class=\"\" alt=\"\" data-attachment-id=\"1748\" data-permalink=\"https:\/\/www.pombais.pt\/turismo\/pombais_480\/\" data-orig-file=\"https:\/\/www.pombais.pt\/turismo\/wp-content\/uploads\/2022\/07\/pombais_480.jpg\" data-orig-size=\"1497,998\" data-comments-opened=\"1\" data-image-meta=\"{&quot;aperture&quot;:&quot;8&quot;,&quot;credit&quot;:&quot;VALTER RAMOS&quot;,&quot;camera&quot;:&quot;X-T3&quot;,&quot;caption&quot;:&quot;&quot;,&quot;created_timestamp&quot;:&quot;1653393775&quot;,&quot;copyright&quot;:&quot;VALTER RAMOS&quot;,&quot;focal_length&quot;:&quot;16&quot;,&quot;iso&quot;:&quot;320&quot;,&quot;shutter_speed&quot;:&quot;0.16666666666667&quot;,&quot;title&quot;:&quot;&quot;,&quot;orientation&quot;:&quot;1&quot;}\" data-image-title=\"pombais_480\" data-image-description=\"\" data-image-caption=\"\" data-medium-file=\"https:\/\/www.pombais.pt\/turismo\/wp-content\/uploads\/2022\/07\/pombais_480-300x200.jpg\" data-large-file=\"https:\/\/www.pombais.pt\/turismo\/wp-content\/uploads\/2022\/07\/pombais_480-1024x683.jpg\" \/>            <\/div>\n\n\t\t\t<div class=\"th-pkg-content\">\n                                    <div class=\"th-package-pre-title\">t3<\/div>\n                \t\t\t\t\t\t\t\t\t<h3>Casa do Bras\u00e3o<\/h3>\n\t\t\t\t\t\t\t\t\t\t\t\t\t<div class=\"th-package-content\">\n\t\t\t\t\t\t6 pessoas\t\t\t\t\t<\/div>\n\t\t\t\t\t\t\t<\/div>\n\n\t\t<\/article>\n\n\t\t\t\t<\/div>\n\t\t\t\t<\/div>\n\t\t\t\t\t\t<\/div>\n\t\t\t\t\t<\/div>\n\t\t<\/div>\n\t\t\t\t<div class=\"elementor-column elementor-col-50 elementor-inner-column elementor-element elementor-element-792651b\" data-id=\"792651b\" data-element_type=\"column\">\n\t\t\t<div class=\"elementor-column-wrap elementor-element-populated\">\n\t\t\t\t\t\t\t<div class=\"elementor-widget-wrap\">\n\t\t\t\t\t\t<div class=\"elementor-element elementor-element-308e488 elementor-widget elementor-widget-themo-package\" data-id=\"308e488\" data-element_type=\"widget\" data-widget_type=\"themo-package.default\">\n\t\t\t\t<div class=\"elementor-widget-container\">\n\t\t\t\n\t\t<article class=\"th-package\">\n\n\t\t\t\t\t\t\t<a class=\"th-pkg-click\" href=\"https:\/\/pombais.pt\/turismo\/casa-do-cancho\/\"><\/a>\n\t\t\t\n\t\t\t<div class=\"th-pkg-info\">\n\t\t\t\t\t\t\t\t\t<h4>Em breve<\/h4>\n\t\t\t\t\t\t\t\t\t\t\t<\/div>\n\n                        <div class=\"th-pkg-img\">\n                <img loading=\"lazy\" decoding=\"async\" width=\"915\" height=\"610\" src=\"https:\/\/www.pombais.pt\/turismo\/wp-content\/uploads\/2022\/07\/pombais_545-915x610.jpg\" class=\"\" alt=\"\" data-attachment-id=\"1813\" data-permalink=\"https:\/\/www.pombais.pt\/turismo\/pombais_545\/\" data-orig-file=\"https:\/\/www.pombais.pt\/turismo\/wp-content\/uploads\/2022\/07\/pombais_545.jpg\" data-orig-size=\"1497,998\" data-comments-opened=\"1\" data-image-meta=\"{&quot;aperture&quot;:&quot;7.1&quot;,&quot;credit&quot;:&quot;VALTER RAMOS&quot;,&quot;camera&quot;:&quot;X-T3&quot;,&quot;caption&quot;:&quot;&quot;,&quot;created_timestamp&quot;:&quot;1653397106&quot;,&quot;copyright&quot;:&quot;VALTER RAMOS&quot;,&quot;focal_length&quot;:&quot;18.7&quot;,&quot;iso&quot;:&quot;200&quot;,&quot;shutter_speed&quot;:&quot;0.05&quot;,&quot;title&quot;:&quot;&quot;,&quot;orientation&quot;:&quot;1&quot;}\" data-image-title=\"pombais_545\" data-image-description=\"\" data-image-caption=\"\" data-medium-file=\"https:\/\/www.pombais.pt\/turismo\/wp-content\/uploads\/2022\/07\/pombais_545-300x200.jpg\" data-large-file=\"https:\/\/www.pombais.pt\/turismo\/wp-content\/uploads\/2022\/07\/pombais_545-1024x683.jpg\" \/>            <\/div>\n\n\t\t\t<div class=\"th-pkg-content\">\n                                    <div class=\"th-package-pre-title\">t1+1<\/div>\n                \t\t\t\t\t\t\t\t\t<h3>Casa do Cancho<\/h3>\n\t\t\t\t\t\t\t\t\t\t\t\t\t<div class=\"th-package-content\">\n\t\t\t\t\t\t4 pessoas\t\t\t\t\t<\/div>\n\t\t\t\t\t\t\t<\/div>\n\n\t\t<\/article>\n\n\t\t\t\t<\/div>\n\t\t\t\t<\/div>\n\t\t\t\t\t\t<\/div>\n\t\t\t\t\t<\/div>\n\t\t<\/div>\n\t\t\t\t\t\t\t\t<\/div>\n\t\t\t\t\t<\/div>\n\t\t<\/section>\n\t\t\t\t<section class=\"elementor-section elementor-inner-section elementor-element elementor-element-127b8f1 elementor-section-boxed elementor-section-height-default elementor-section-height-default\" data-id=\"127b8f1\" data-element_type=\"section\">\n\t\t\t\t\t\t<div class=\"elementor-container elementor-column-gap-default\">\n\t\t\t\t\t\t\t<div class=\"elementor-row\">\n\t\t\t\t\t<div class=\"elementor-column elementor-col-50 elementor-inner-column elementor-element elementor-element-fef7b8f\" data-id=\"fef7b8f\" data-element_type=\"column\">\n\t\t\t<div class=\"elementor-column-wrap elementor-element-populated\">\n\t\t\t\t\t\t\t<div class=\"elementor-widget-wrap\">\n\t\t\t\t\t\t<div class=\"elementor-element elementor-element-04cf6dd elementor-widget elementor-widget-themo-package\" data-id=\"04cf6dd\" data-element_type=\"widget\" data-widget_type=\"themo-package.default\">\n\t\t\t\t<div class=\"elementor-widget-container\">\n\t\t\t\n\t\t<article class=\"th-package\">\n\n\t\t\t\t\t\t\t<a class=\"th-pkg-click\" href=\"https:\/\/pombais.pt\/turismo\/casa-da-albarda\/\"><\/a>\n\t\t\t\n\t\t\t<div class=\"th-pkg-info\">\n\t\t\t\t\t\t\t\t\t<h4>Em breve<\/h4>\n\t\t\t\t\t\t\t\t\t\t\t<\/div>\n\n                        <div class=\"th-pkg-img\">\n                <img loading=\"lazy\" decoding=\"async\" width=\"915\" height=\"659\" src=\"https:\/\/www.pombais.pt\/turismo\/wp-content\/uploads\/2022\/07\/pombais_536-915x659.jpg\" class=\"\" alt=\"\" data-attachment-id=\"1804\" data-permalink=\"https:\/\/www.pombais.pt\/turismo\/pombais_536\/\" data-orig-file=\"https:\/\/www.pombais.pt\/turismo\/wp-content\/uploads\/2022\/07\/pombais_536.jpg\" data-orig-size=\"1378,993\" data-comments-opened=\"1\" data-image-meta=\"{&quot;aperture&quot;:&quot;8&quot;,&quot;credit&quot;:&quot;VALTER RAMOS&quot;,&quot;camera&quot;:&quot;X-T3&quot;,&quot;caption&quot;:&quot;&quot;,&quot;created_timestamp&quot;:&quot;1653396459&quot;,&quot;copyright&quot;:&quot;VALTER RAMOS&quot;,&quot;focal_length&quot;:&quot;18.7&quot;,&quot;iso&quot;:&quot;200&quot;,&quot;shutter_speed&quot;:&quot;0.025&quot;,&quot;title&quot;:&quot;&quot;,&quot;orientation&quot;:&quot;1&quot;}\" data-image-title=\"pombais_536\" data-image-description=\"\" data-image-caption=\"\" data-medium-file=\"https:\/\/www.pombais.pt\/turismo\/wp-content\/uploads\/2022\/07\/pombais_536-300x216.jpg\" data-large-file=\"https:\/\/www.pombais.pt\/turismo\/wp-content\/uploads\/2022\/07\/pombais_536-1024x738.jpg\" \/>            <\/div>\n\n\t\t\t<div class=\"th-pkg-content\">\n                                    <div class=\"th-package-pre-title\">t3<\/div>\n                \t\t\t\t\t\t\t\t\t<h3>Casa da Albarda<\/h3>\n\t\t\t\t\t\t\t\t\t\t\t\t\t<div class=\"th-package-content\">\n\t\t\t\t\t\t4 pessoas\t\t\t\t\t<\/div>\n\t\t\t\t\t\t\t<\/div>\n\n\t\t<\/article>\n\n\t\t\t\t<\/div>\n\t\t\t\t<\/div>\n\t\t\t\t\t\t<\/div>\n\t\t\t\t\t<\/div>\n\t\t<\/div>\n\t\t\t\t<div class=\"elementor-column elementor-col-50 elementor-inner-column elementor-element elementor-element-215d23b\" data-id=\"215d23b\" data-element_type=\"column\">\n\t\t\t<div class=\"elementor-column-wrap\">\n\t\t\t\t\t\t\t<div class=\"elementor-widget-wrap\">\n\t\t\t\t\t\t\t\t<\/div>\n\t\t\t\t\t<\/div>\n\t\t<\/div>\n\t\t\t\t\t\t\t\t<\/div>\n\t\t\t\t\t<\/div>\n\t\t<\/section>\n\t\t\t\t<div class=\"elementor-element elementor-element-3d91887 elementor-widget elementor-widget-spacer\" data-id=\"3d91887\" data-element_type=\"widget\" data-widget_type=\"spacer.default\">\n\t\t\t\t<div class=\"elementor-widget-container\">\n\t\t\t\t\t<div class=\"elementor-spacer\">\n\t\t\t<div class=\"elementor-spacer-inner\"><\/div>\n\t\t<\/div>\n\t\t\t\t<\/div>\n\t\t\t\t<\/div>\n\t\t\t\t\t\t<\/div>\n\t\t\t\t\t<\/div>\n\t\t<\/div>\n\t\t\t\t\t\t\t\t<\/div>\n\t\t\t\t\t<\/div>\n\t\t<\/section>\n\t\t\t\t<section class=\"elementor-section elementor-top-section elementor-element elementor-element-969badf elementor-section-boxed elementor-section-height-default elementor-section-height-default\" data-id=\"969badf\" data-element_type=\"section\" data-settings=\"{&quot;background_background&quot;:&quot;classic&quot;}\">\n\t\t\t\t\t\t<div class=\"elementor-container elementor-column-gap-default\">\n\t\t\t\t\t\t\t<div class=\"elementor-row\">\n\t\t\t\t\t<div class=\"elementor-column elementor-col-100 elementor-top-column elementor-element elementor-element-5337969\" data-id=\"5337969\" data-element_type=\"column\">\n\t\t\t<div class=\"elementor-column-wrap elementor-element-populated\">\n\t\t\t\t\t\t\t<div class=\"elementor-widget-wrap\">\n\t\t\t\t\t\t<div class=\"elementor-element elementor-element-c9c7001 elementor-widget elementor-widget-spacer\" data-id=\"c9c7001\" data-element_type=\"widget\" data-widget_type=\"spacer.default\">\n\t\t\t\t<div class=\"elementor-widget-container\">\n\t\t\t\t\t<div class=\"elementor-spacer\">\n\t\t\t<div class=\"elementor-spacer-inner\"><\/div>\n\t\t<\/div>\n\t\t\t\t<\/div>\n\t\t\t\t<\/div>\n\t\t\t\t<section class=\"elementor-section elementor-inner-section elementor-element elementor-element-eb7a00e elementor-section-boxed elementor-section-height-default elementor-section-height-default\" data-id=\"eb7a00e\" data-element_type=\"section\">\n\t\t\t\t\t\t<div class=\"elementor-container elementor-column-gap-default\">\n\t\t\t\t\t\t\t<div class=\"elementor-row\">\n\t\t\t\t\t<div class=\"elementor-column elementor-col-100 elementor-inner-column elementor-element elementor-element-5f78f4f\" data-id=\"5f78f4f\" data-element_type=\"column\">\n\t\t\t<div class=\"elementor-column-wrap elementor-element-populated\">\n\t\t\t\t\t\t\t<div class=\"elementor-widget-wrap\">\n\t\t\t\t\t\t<div class=\"elementor-element elementor-element-1c440d5 elementor-view-default elementor-position-top elementor-widget elementor-widget-themo-header\" data-id=\"1c440d5\" data-element_type=\"widget\" data-widget_type=\"themo-header.default\">\n\t\t\t\t<div class=\"elementor-widget-container\">\n\t\t\t\t\t<div class=\"th-header-wrap\">\n        <div class=\"elementor-icon-box-wrapper \">\n                            <div class=\"elementor-icon-box-content\">\n                    <h2 class=\"elementor-icon-box-title\">\n                        Descubra as nossas experi\u00eancias                    <\/h2>\n                                        <p class=\"elementor-icon-box-description\">Descubra j\u00e1 as melhores experi\u00eancias no cen\u00e1rio mais deslumbrante! <\/p>\n\n                                            <div class=\"th-btn-wrap\">\n                                                            <a class=\"btn-1 btn th-btn btn-standard-primary\" href=\"https:\/\/pombais.pt\/turismo\/experiencias\/\">\n                                                                            Saiba mais                                                                    <\/a>\n                            \n                                                    <\/div>\n                                    <\/div>\n            <\/div>\n\n        <\/div>\n\n\t\t\t\t<\/div>\n\t\t\t\t<\/div>\n\t\t\t\t<div class=\"elementor-element elementor-element-028d858 elementor-widget elementor-widget-spacer\" data-id=\"028d858\" data-element_type=\"widget\" data-widget_type=\"spacer.default\">\n\t\t\t\t<div class=\"elementor-widget-container\">\n\t\t\t\t\t<div class=\"elementor-spacer\">\n\t\t\t<div class=\"elementor-spacer-inner\"><\/div>\n\t\t<\/div>\n\t\t\t\t<\/div>\n\t\t\t\t<\/div>\n\t\t\t\t\t\t<\/div>\n\t\t\t\t\t<\/div>\n\t\t<\/div>\n\t\t\t\t\t\t\t\t<\/div>\n\t\t\t\t\t<\/div>\n\t\t<\/section>\n\t\t\t\t\t\t<\/div>\n\t\t\t\t\t<\/div>\n\t\t<\/div>\n\t\t\t\t\t\t\t\t<\/div>\n\t\t\t\t\t<\/div>\n\t\t<\/section>\n\t\t\t\t\t\t\t\t\t<\/div>\n\t\t\t<\/div>\n\t\t\t\t\t<\/div>\n\t\t","protected":false},"excerpt":{"rendered":"<p>Descubra um Alentejo diferente Descubra as nossas Villas que conjugam o conforto e a contemporaneidade com a beleza envolvente do Alentejo. &lt;article&gt; &lt;a href=&#8221;https:\/\/pombais.pt\/turismo\/casa-do-brasao\/&#8221;&gt;&lt;\/a&gt; &lt;h4&gt;Reserve j\u00e1!&lt;\/h4&gt; &lt;img width=&#8221;915&#8243; height=&#8221;610&#8243; src=&#8221;https:\/\/www.pombais.pt\/turismo\/wp-content\/uploads\/2022\/07\/pombais_480-915&#215;610.jpg&#8221; alt=&#8221;&#8221; loading=&#8221;lazy&#8221; \/&gt; t3 &lt;h3&gt;Casa do Bras\u00e3o&lt;\/h3&gt; 6 pessoas &lt;\/article&gt; &hellip; <a href=\"https:\/\/www.pombais.pt\/turismo\/villas\/\">Read More<\/a><\/p>\n","protected":false},"author":1,"featured_media":0,"parent":0,"menu_order":7,"comment_status":"closed","ping_status":"closed","template":"","meta":{"om_disable_all_campaigns":false,"footnotes":""},"class_list":["post-242","page","type-page","status-publish","hentry"],"aioseo_notices":[],"jetpack_sharing_enabled":true,"_links":{"self":[{"href":"https:\/\/www.pombais.pt\/turismo\/wp-json\/wp\/v2\/pages\/242","targetHints":{"allow":["GET"]}}],"collection":[{"href":"https:\/\/www.pombais.pt\/turismo\/wp-json\/wp\/v2\/pages"}],"about":[{"href":"https:\/\/www.pombais.pt\/turismo\/wp-json\/wp\/v2\/types\/page"}],"author":[{"embeddable":true,"href":"https:\/\/www.pombais.pt\/turismo\/wp-json\/wp\/v2\/users\/1"}],"replies":[{"embeddable":true,"href":"https:\/\/www.pombais.pt\/turismo\/wp-json\/wp\/v2\/comments?post=242"}],"version-history":[{"count":130,"href":"https:\/\/www.pombais.pt\/turismo\/wp-json\/wp\/v2\/pages\/242\/revisions"}],"predecessor-version":[{"id":3465,"href":"https:\/\/www.pombais.pt\/turismo\/wp-json\/wp\/v2\/pages\/242\/revisions\/3465"}],"wp:attachment":[{"href":"https:\/\/www.pombais.pt\/turismo\/wp-json\/wp\/v2\/media?parent=242"}],"curies":[{"name":"wp","href":"https:\/\/api.w.org\/{rel}","templated":true}]}}